{"id":2,"date":"2021-04-02T12:58:11","date_gmt":"2021-04-02T10:58:11","guid":{"rendered":"https:\/\/auto-adi.pl\/?page_id=2"},"modified":"2025-06-10T14:43:49","modified_gmt":"2025-06-10T12:43:49","slug":"przykladowa-strona","status":"publish","type":"page","link":"https:\/\/auto-adi.pl\/","title":{"rendered":"Auto Serwis Adi Mechanika pojazdowa T\u0142umiki Opony Serwis Klimatyzacji"},"content":{"rendered":"\t\t<div data-elementor-type=\"wp-page\" data-elementor-id=\"2\" class=\"elementor elementor-2\" data-elementor-settings=\"[]\">\n\t\t\t\t\t\t\t<div class=\"elementor-section-wrap\">\n\t\t\t\t\t\t\t<section class=\"elementor-section elementor-top-section elementor-element elementor-element-1c5a8acc elementor-section-boxed elementor-section-height-default elementor-section-height-default\" data-id=\"1c5a8acc\" data-element_type=\"section\">\n\t\t\t\t\t\t<div class=\"elementor-container elementor-column-gap-default\">\n\t\t\t\t\t<div class=\"elementor-column elementor-col-100 elementor-top-column elementor-element elementor-element-6053c54\" data-id=\"6053c54\" data-element_type=\"column\">\n\t\t\t<div class=\"elementor-widget-wrap elementor-element-populated\">\n\t\t\t\t\t\t\t\t<div class=\"elementor-element elementor-element-43bb7a5 elementor-widget elementor-widget-text-editor\" data-id=\"43bb7a5\" data-element_type=\"widget\" data-widget_type=\"text-editor.default\">\n\t\t\t\t<div class=\"elementor-widget-container\">\n\t\t\t\t\t<div class=\"elementor-text-editor elementor-clearfix\"><p style=\"font-family: Rubik, sans-serif; margin-bottom: 10px; color: #323232; font-size: 14px; background-color: #ffffff;\">Auto Serwis Adi mechanik samochodowy T\u0142umiki Opony serwis Klimatyzacja znajduje si\u0119 przy ulicy Kossaka w Pile. Wykonujemy naprawy samochod\u00f3w wielu marek europejskich, ameryka\u0144skich i japo\u0144skich, osobowych jak i dostawczych.<\/p><p style=\"font-family: Rubik, sans-serif; margin-bottom: 10px; color: #323232; font-size: 14px; background-color: #ffffff;\">Specjalizujemy si\u0119 w uk\u0142adach wydechowych (T\u0142umiki, Katalizatory, Filtry DPF) Posiadamy te\u017c w naszej ofercie Akumulatory i Haki Holownicze oraz Opony nowe i u\u017cywane.\u00a0<\/p><p style=\"font-family: Rubik, sans-serif; margin-bottom: 10px; color: #323232; font-size: 14px; background-color: #ffffff;\">Jeste\u015bmy firm\u0105 z wieloletnim do\u015bwiadczeniem w serwisowaniu samochod\u00f3w, a nasz profesjonalizm i rzetelno\u015b\u0107 w ci\u0105gu tych lat doceni\u0142o wielu klient\u00f3w indywidualn<span style=\"font-weight: var( --e-global-typography-text-font-weight );\">ych oraz wiele firm. Mamy du\u017ce do\u015bwiadczenie w obs\u0142udze firm flotowych samochod\u00f3w osobowych i dostawczych. Udzielamy atrakcyjnych upust\u00f3w cenowych !!<\/span><\/p><p style=\"font-family: Rubik, sans-serif; margin-bottom: 10px; color: #323232; font-size: 14px; background-color: #ffffff;\">T\u0142umiki, Akumulatory, Haki Holownicze, Oleje, Klocki Hamulcowe, Tarcze, Amortyzatory, Katalizatory, Strumienice, Filtry Cz\u0105stek Sta\u0142ych, Elementy Elastyczne,<span style=\"font-weight: var( --e-global-typography-text-font-weight );\">\u00a0Wszelkie akcesoria do uk\u0142adu wydechowego, Monta\u017c, Naprawa Spawanie, Przegl\u0105d uk\u0142adu wydechowego, Przegl\u0105d Zawieszenia, Servis Hamulcowy, Przegl\u0105d Ogumienia Wymiana Opon, Wywa\u017canie Opon, Naprawa Opon, Sprzeda\u017c Opon (Nowe i U\u017cywane) Serwis Klimatyzacji, sprawdzanie szczelno\u015bci i nabijanie odgrzybianie uk\u0142adu klimatyzacji, naprawa spr\u0119\u017carek i uk\u0142ad\u00f3w klimatyzacji. Wymiana rozrz\u0105du oraz sprz\u0119gie\u0142.<\/span><\/p><\/div>\n\t\t\t\t<\/div>\n\t\t\t\t<\/div>\n\t\t\t\t\t<\/div>\n\t\t<\/div>\n\t\t\t\t\t\t\t<\/div>\n\t\t<\/section>\n\t\t\t\t<section class=\"elementor-section elementor-top-section elementor-element elementor-element-6f6ed25 elementor-section-boxed elementor-section-height-default elementor-section-height-default\" data-id=\"6f6ed25\" data-element_type=\"section\">\n\t\t\t\t\t\t<div class=\"elementor-container elementor-column-gap-default\">\n\t\t\t\t\t<div class=\"elementor-column elementor-col-100 elementor-top-column elementor-element elementor-element-9568abb\" data-id=\"9568abb\" data-element_type=\"column\">\n\t\t\t<div class=\"elementor-widget-wrap elementor-element-populated\">\n\t\t\t\t\t\t\t\t<div class=\"elementor-element elementor-element-2268801 elementor-widget elementor-widget-image\" data-id=\"2268801\" data-element_type=\"widget\" data-widget_type=\"image.default\">\n\t\t\t\t<div class=\"elementor-widget-container\">\n\t\t\t\t\t<div class=\"elementor-image\">\n\t\t\t\t\t\t\t\t\t\t<img loading=\"lazy\" decoding=\"async\" width=\"1024\" height=\"520\" src=\"https:\/\/auto-adi.pl\/wp-content\/uploads\/2021\/04\/7-1024x520.jpg\" class=\"attachment-large size-large\" alt=\"\" srcset=\"https:\/\/auto-adi.pl\/wp-content\/uploads\/2021\/04\/7-1024x520.jpg 1024w, https:\/\/auto-adi.pl\/wp-content\/uploads\/2021\/04\/7-300x152.jpg 300w, https:\/\/auto-adi.pl\/wp-content\/uploads\/2021\/04\/7-768x390.jpg 768w, https:\/\/auto-adi.pl\/wp-content\/uploads\/2021\/04\/7.jpg 1047w\" sizes=\"auto, (max-width: 1024px) 100vw, 1024px\" \/>\t\t\t\t\t\t\t\t\t\t\t<\/div>\n\t\t\t\t<\/div>\n\t\t\t\t<\/div>\n\t\t\t\t<div class=\"elementor-element elementor-element-aedce9f elementor-widget elementor-widget-google_maps\" data-id=\"aedce9f\" data-element_type=\"widget\" data-widget_type=\"google_maps.default\">\n\t\t\t\t<div class=\"elementor-widget-container\">\n\t\t\t<div class=\"elementor-custom-embed\"><iframe frameborder=\"0\" scrolling=\"no\" marginheight=\"0\" marginwidth=\"0\" src=\"https:\/\/maps.google.com\/maps?q=Auto%20Adi%20Pi%C5%82a&amp;t=m&amp;z=16&amp;output=embed&amp;iwloc=near\" title=\"Auto Adi Pi\u0142a\" aria-label=\"Auto Adi Pi\u0142a\"><\/iframe><\/div>\t\t<\/div>\n\t\t\t\t<\/div>\n\t\t\t\t\t<\/div>\n\t\t<\/div>\n\t\t\t\t\t\t\t<\/div>\n\t\t<\/section>\n\t\t\t\t\t\t<\/div>\n\t\t\t\t\t<\/div>\n\t\t    <!-- sktbuilder starter --><script type=\"text\/javascript\" src=\"https:\/\/auto-adi.pl\/wp-content\/plugins\/skt-builder\/sktbuilder\/sktbuilder-frontend-starter.js\"><\/script><script type=\"text\/javascript\" src=\"https:\/\/auto-adi.pl\/wp-content\/plugins\/skt-builder\/sktbuilder-wordpress-driver.js\"><\/script><script type=\"text\/javascript\"> var starter = new SktbuilderStarter({\"mode\": \"prod\", \"skip\":[\"jquery\",\"underscore\",\"backbone\"],\"sktbuilderUrl\": \"https:\/\/auto-adi.pl\/wp-content\/plugins\/skt-builder\/sktbuilder\/\", \"driver\": new SktbuilderWordpressDriver({\"ajaxUrl\": \"https:\/\/auto-adi.pl\/wp-admin\/admin-ajax.php\", \"iframeUrl\": \"https:\/\/auto-adi.pl\/?sktbuilder=true\", \"pageId\": 2, \"pages\": [], \"page\": \"Auto Serwis Adi Mechanika pojazdowa T\u0142umiki Opony Serwis Klimatyzacji\" }) });<\/script><!-- end sktbuilder starter -->","protected":false},"excerpt":{"rendered":"<p>Auto Serwis Adi mechanik samochodowy T\u0142umiki Opony serwis Klimatyzacja znajduje si\u0119 przy ulicy Kossaka w Pile. Wykonujemy naprawy samochod\u00f3w wielu marek europejskich, ameryka\u0144skich i japo\u0144skich, osobowych jak i dostawczych. Specjalizujemy si\u0119 w uk\u0142adach wydechowych (T\u0142umiki, Katalizatory, Filtry DPF) Posiadamy te\u017c w naszej ofercie Akumulatory i Haki Holownicze oraz Opony nowe i u\u017cywane.\u00a0 Jeste\u015bmy firm\u0105 z<br \/><a class=\"moretag\" href=\"https:\/\/auto-adi.pl\/\">+ Read More<\/a><\/p>\n","protected":false},"author":1,"featured_media":49,"parent":0,"menu_order":0,"comment_status":"closed","ping_status":"open","template":"","meta":{"footnotes":""},"class_list":["post-2","page","type-page","status-publish","has-post-thumbnail","hentry"],"yoast_head":"<!-- This site is optimized with the Yoast SEO plugin v16.0.2 - https:\/\/yoast.com\/wordpress\/plugins\/seo\/ -->\n<title>Auto Serwis Adi Mechanika pojazdowa T\u0142umiki Opony Serwis Klimatyzacji - Auto-adi<\/title>\n<meta name=\"description\" content=\"Auto Serwis Adi znajduje si\u0119 przy ulicy Kossaka w Pile. Wykonujemy naprawy samochod\u00f3w wielu marek europejskich, ameryka\u0144skich i japo\u0144skich, osobowych jak i dostawczych.Specjalizujemy si\u0119 w uk\u0142adach wydechowych (T\u0142umiki, Katalizatory, Filtry DPF) Posiadamy te\u017c w naszej ofercie Akumulatory i Haki Holownicze oraz Opony nowe i u\u017cywane.Jeste\u015bmy firm\u0105 z wieloletnim do\u015bwiadczeniem w serwisowaniu samochod\u00f3w, a nasz profesjonalizm i rzetelno\u015b\u0107 w ci\u0105gu tych lat doceni\u0142o wielu klient\u00f3w indywidualnych oraz wiele firm. Mamy du\u017ce do\u015bwiadczenie w obs\u0142udze firm flotowych samochod\u00f3w osobowych i dostawczych. Udzielamy atrakcyjnych upust\u00f3w cenowych !!T\u0142umiki, Akumulatory, Haki Holownicze, Oleje, Klocki Hamulcowe, Tarcze, Amortyzatory, Katalizatory, Strumienice, Filtry Cz\u0105stek Sta\u0142ych, Elementy Elastyczne, Wszelkie akcesoria do uk\u0142adu wydechowego, Monta\u017c, Naprawa Spawanie, Przegl\u0105d uk\u0142adu wydechowego, Przegl\u0105d Zawieszenia, Servis Hamulcowy, Przegl\u0105d Ogumienia Wymiana Opon, Wywa\u017canie Opon, Naprawa Opon, Sprzeda\u017c Opon (Nowe i U\u017cywane) Serwis Klimatyzacji, sprawdzanie szczelno\u015bci i nabijanie odgrzybianie uk\u0142adu klimatyzacji, naprawa spr\u0119\u017carek i uk\u0142ad\u00f3w klimatyzacji. Wymiana rozrz\u0105du oraz sprz\u0119gie\u0142\" \/>\n<link rel=\"canonical\" href=\"https:\/\/auto-adi.pl\/\" \/>\n<meta property=\"og:locale\" content=\"pl_PL\" \/>\n<meta property=\"og:type\" content=\"article\" \/>\n<meta property=\"og:title\" content=\"Auto Serwis Adi Mechanika pojazdowa T\u0142umiki Opony Serwis Klimatyzacji - Auto-adi\" \/>\n<meta property=\"og:description\" content=\"Auto Serwis Adi znajduje si\u0119 przy ulicy Kossaka w Pile. Wykonujemy naprawy samochod\u00f3w wielu marek europejskich, ameryka\u0144skich i japo\u0144skich, osobowych jak i dostawczych.Specjalizujemy si\u0119 w uk\u0142adach wydechowych (T\u0142umiki, Katalizatory, Filtry DPF) Posiadamy te\u017c w naszej ofercie Akumulatory i Haki Holownicze oraz Opony nowe i u\u017cywane.Jeste\u015bmy firm\u0105 z wieloletnim do\u015bwiadczeniem w serwisowaniu samochod\u00f3w, a nasz profesjonalizm i rzetelno\u015b\u0107 w ci\u0105gu tych lat doceni\u0142o wielu klient\u00f3w indywidualnych oraz wiele firm. Mamy du\u017ce do\u015bwiadczenie w obs\u0142udze firm flotowych samochod\u00f3w osobowych i dostawczych. Udzielamy atrakcyjnych upust\u00f3w cenowych !!T\u0142umiki, Akumulatory, Haki Holownicze, Oleje, Klocki Hamulcowe, Tarcze, Amortyzatory, Katalizatory, Strumienice, Filtry Cz\u0105stek Sta\u0142ych, Elementy Elastyczne, Wszelkie akcesoria do uk\u0142adu wydechowego, Monta\u017c, Naprawa Spawanie, Przegl\u0105d uk\u0142adu wydechowego, Przegl\u0105d Zawieszenia, Servis Hamulcowy, Przegl\u0105d Ogumienia Wymiana Opon, Wywa\u017canie Opon, Naprawa Opon, Sprzeda\u017c Opon (Nowe i U\u017cywane) Serwis Klimatyzacji, sprawdzanie szczelno\u015bci i nabijanie odgrzybianie uk\u0142adu klimatyzacji, naprawa spr\u0119\u017carek i uk\u0142ad\u00f3w klimatyzacji. Wymiana rozrz\u0105du oraz sprz\u0119gie\u0142\" \/>\n<meta property=\"og:url\" content=\"https:\/\/auto-adi.pl\/\" \/>\n<meta property=\"og:site_name\" content=\"Auto-adi\" \/>\n<meta property=\"article:modified_time\" content=\"2025-06-10T12:43:49+00:00\" \/>\n<meta property=\"og:image\" content=\"https:\/\/auto-adi.pl\/wp-content\/uploads\/2021\/04\/logo.png\" \/>\n\t<meta property=\"og:image:width\" content=\"2362\" \/>\n\t<meta property=\"og:image:height\" content=\"1181\" \/>\n<meta name=\"twitter:card\" content=\"summary_large_image\" \/>\n<meta name=\"twitter:label1\" content=\"Szacowany czas czytania\">\n\t<meta name=\"twitter:data1\" content=\"1 minuta\">\n<script type=\"application\/ld+json\" class=\"yoast-schema-graph\">{\"@context\":\"https:\/\/schema.org\",\"@graph\":[{\"@type\":\"WebSite\",\"@id\":\"https:\/\/auto-adi.pl\/#website\",\"url\":\"https:\/\/auto-adi.pl\/\",\"name\":\"Auto-adi\",\"description\":\"Auto-Adi Serwis mechanika pojazdowa\",\"potentialAction\":[{\"@type\":\"SearchAction\",\"target\":\"https:\/\/auto-adi.pl\/?s={search_term_string}\",\"query-input\":\"required name=search_term_string\"}],\"inLanguage\":\"pl-PL\"},{\"@type\":\"ImageObject\",\"@id\":\"https:\/\/auto-adi.pl\/#primaryimage\",\"inLanguage\":\"pl-PL\",\"url\":\"https:\/\/auto-adi.pl\/wp-content\/uploads\/2021\/04\/logo.png\",\"width\":2362,\"height\":1181},{\"@type\":\"WebPage\",\"@id\":\"https:\/\/auto-adi.pl\/#webpage\",\"url\":\"https:\/\/auto-adi.pl\/\",\"name\":\"Auto Serwis Adi Mechanika pojazdowa T\\u0142umiki Opony Serwis Klimatyzacji - Auto-adi\",\"isPartOf\":{\"@id\":\"https:\/\/auto-adi.pl\/#website\"},\"primaryImageOfPage\":{\"@id\":\"https:\/\/auto-adi.pl\/#primaryimage\"},\"datePublished\":\"2021-04-02T10:58:11+00:00\",\"dateModified\":\"2025-06-10T12:43:49+00:00\",\"description\":\"Auto Serwis Adi znajduje si\\u0119 przy ulicy Kossaka w Pile. Wykonujemy naprawy samochod\\u00f3w wielu marek europejskich, ameryka\\u0144skich i japo\\u0144skich, osobowych jak i dostawczych.Specjalizujemy si\\u0119 w uk\\u0142adach wydechowych (T\\u0142umiki, Katalizatory, Filtry DPF) Posiadamy te\\u017c w naszej ofercie Akumulatory i Haki Holownicze oraz Opony nowe i u\\u017cywane.Jeste\\u015bmy firm\\u0105 z wieloletnim do\\u015bwiadczeniem w serwisowaniu samochod\\u00f3w, a nasz profesjonalizm i rzetelno\\u015b\\u0107 w ci\\u0105gu tych lat doceni\\u0142o wielu klient\\u00f3w indywidualnych oraz wiele firm. Mamy du\\u017ce do\\u015bwiadczenie w obs\\u0142udze firm flotowych samochod\\u00f3w osobowych i dostawczych. Udzielamy atrakcyjnych upust\\u00f3w cenowych !!T\\u0142umiki, Akumulatory, Haki Holownicze, Oleje, Klocki Hamulcowe, Tarcze, Amortyzatory, Katalizatory, Strumienice, Filtry Cz\\u0105stek Sta\\u0142ych, Elementy Elastyczne, Wszelkie akcesoria do uk\\u0142adu wydechowego, Monta\\u017c, Naprawa Spawanie, Przegl\\u0105d uk\\u0142adu wydechowego, Przegl\\u0105d Zawieszenia, Servis Hamulcowy, Przegl\\u0105d Ogumienia Wymiana Opon, Wywa\\u017canie Opon, Naprawa Opon, Sprzeda\\u017c Opon (Nowe i U\\u017cywane) Serwis Klimatyzacji, sprawdzanie szczelno\\u015bci i nabijanie odgrzybianie uk\\u0142adu klimatyzacji, naprawa spr\\u0119\\u017carek i uk\\u0142ad\\u00f3w klimatyzacji. Wymiana rozrz\\u0105du oraz sprz\\u0119gie\\u0142\",\"breadcrumb\":{\"@id\":\"https:\/\/auto-adi.pl\/#breadcrumb\"},\"inLanguage\":\"pl-PL\",\"potentialAction\":[{\"@type\":\"ReadAction\",\"target\":[\"https:\/\/auto-adi.pl\/\"]}]},{\"@type\":\"BreadcrumbList\",\"@id\":\"https:\/\/auto-adi.pl\/#breadcrumb\",\"itemListElement\":[{\"@type\":\"ListItem\",\"position\":1,\"item\":{\"@type\":\"WebPage\",\"@id\":\"https:\/\/auto-adi.pl\/\",\"url\":\"https:\/\/auto-adi.pl\/\",\"name\":\"Home\"}},{\"@type\":\"ListItem\",\"position\":2,\"item\":{\"@type\":\"WebPage\",\"@id\":\"https:\/\/auto-adi.pl\/\",\"url\":\"https:\/\/auto-adi.pl\/\",\"name\":\"Auto Serwis Adi Mechanika pojazdowa T\\u0142umiki Opony Serwis Klimatyzacji\"}}]}]}<\/script>\n<!-- \/ Yoast SEO plugin. -->","_links":{"self":[{"href":"https:\/\/auto-adi.pl\/index.php?rest_route=\/wp\/v2\/pages\/2","targetHints":{"allow":["GET"]}}],"collection":[{"href":"https:\/\/auto-adi.pl\/index.php?rest_route=\/wp\/v2\/pages"}],"about":[{"href":"https:\/\/auto-adi.pl\/index.php?rest_route=\/wp\/v2\/types\/page"}],"author":[{"embeddable":true,"href":"https:\/\/auto-adi.pl\/index.php?rest_route=\/wp\/v2\/users\/1"}],"replies":[{"embeddable":true,"href":"https:\/\/auto-adi.pl\/index.php?rest_route=%2Fwp%2Fv2%2Fcomments&post=2"}],"version-history":[{"count":56,"href":"https:\/\/auto-adi.pl\/index.php?rest_route=\/wp\/v2\/pages\/2\/revisions"}],"predecessor-version":[{"id":120,"href":"https:\/\/auto-adi.pl\/index.php?rest_route=\/wp\/v2\/pages\/2\/revisions\/120"}],"wp:featuredmedia":[{"embeddable":true,"href":"https:\/\/auto-adi.pl\/index.php?rest_route=\/wp\/v2\/media\/49"}],"wp:attachment":[{"href":"https:\/\/auto-adi.pl\/index.php?rest_route=%2Fwp%2Fv2%2Fmedia&parent=2"}],"curies":[{"name":"wp","href":"https:\/\/api.w.org\/{rel}","templated":true}]}}